{"id":240,"date":"2018-04-26T15:50:10","date_gmt":"2018-04-26T13:50:10","guid":{"rendered":"https:\/\/www.hunton.no\/marketing\/?page_id=240"},"modified":"2024-08-06T09:23:41","modified_gmt":"2024-08-06T07:23:41","slug":"nativo-no","status":"publish","type":"page","link":"https:\/\/www.hunton.no\/marketing\/nativo-no\/","title":{"rendered":"Nativo NO"},"content":{"rendered":"\n<style type=\"text\/css\" data-created_by=\"avia_inline_auto\" id=\"style-css-av-1qwx80-557593318a7b8decfccb1e3db8f0f103\">\n.avia-section.av-1qwx80-557593318a7b8decfccb1e3db8f0f103{\nbackground-repeat:no-repeat;\nbackground-image:url(https:\/\/www.hunton.no\/marketing\/wp-content\/uploads\/sites\/22\/2018\/01\/forrest.jpg);\nbackground-position:0% 50%;\nbackground-attachment:scroll;\n}\n<\/style>\n<div id='nativo_header'  class='avia-section av-1qwx80-557593318a7b8decfccb1e3db8f0f103 main_color avia-section-default avia-no-border-styling  avia-builder-el-0  el_before_av_layout_row  avia-builder-el-first  avia-bg-style-scroll av-minimum-height av-minimum-height-50 av-height-50  container_wrap sidebar_right'  data-section-bg-repeat='no-repeat' data-av_minimum_height_pc='50' data-av_min_height_opt='50'><div class='container av-section-cont-open' ><main  role=\"main\" itemprop=\"mainContentOfPage\"  class='template-page content  av-content-small alpha units'><div class='post-entry post-entry-type-page post-entry-240'><div class='entry-content-wrapper clearfix'>\n<\/div><\/div><\/main><!-- close content main element --><\/div><\/div><div id='nativo_landing'  class='av-layout-grid-container av-1nfr1s-a3d183a1e21fcbf7c333b6f865b645b2 entry-content-wrapper main_color av-flex-cells  avia-builder-el-1  el_after_av_section  avia-builder-el-last  nativo_landing grid-row-not-first  container_wrap sidebar_right'  >\n\n<style type=\"text\/css\" data-created_by=\"avia_inline_auto\" id=\"style-css-av-1h8exc-3b82fa82d6c28d481aa501a042dd2169\">\n.flex_cell.av-1h8exc-3b82fa82d6c28d481aa501a042dd2169{\nvertical-align:top;\n}\n.responsive #top #wrap_all .flex_cell.av-1h8exc-3b82fa82d6c28d481aa501a042dd2169{\npadding:30px 30px 30px 30px !important;\n}\n<\/style>\n<div class='flex_cell av-1h8exc-3b82fa82d6c28d481aa501a042dd2169 av-gridrow-cell av_one_half no_margin  avia-builder-el-2  el_before_av_cell_one_half  avia-builder-el-first  content-align-top'  ><div class='flex_cell_inner'><p>\n<style type=\"text\/css\" data-created_by=\"avia_inline_auto\" id=\"style-css-av-17cgvs-ffd9a96b265b3cc98b44408f7c565d05\">\n#top .flex_column.av-17cgvs-ffd9a96b265b3cc98b44408f7c565d05{\nmargin-top:0px;\nmargin-bottom:0px;\n}\n.flex_column.av-17cgvs-ffd9a96b265b3cc98b44408f7c565d05{\nborder-radius:0px 0px 0px 0px;\npadding:0px 0px 0px 0px;\n}\n.responsive #top #wrap_all .flex_column.av-17cgvs-ffd9a96b265b3cc98b44408f7c565d05{\nmargin-top:0px;\nmargin-bottom:0px;\n}\n<\/style>\n<div  class='flex_column av-17cgvs-ffd9a96b265b3cc98b44408f7c565d05 av_one_full  avia-builder-el-3  el_before_av_codeblock  avia-builder-el-first  first flex_column_div av-zero-column-padding  '     ><style type=\"text\/css\" data-created_by=\"avia_inline_auto\" id=\"style-css-av-10dbzk-faae830608603b8d60c7da01d001e068\">\n#top .av_textblock_section.av-10dbzk-faae830608603b8d60c7da01d001e068 .avia_textblock{\nfont-size:20px;\n}\n<\/style>\n<section  class='av_textblock_section av-10dbzk-faae830608603b8d60c7da01d001e068 '   itemscope=\"itemscope\" itemtype=\"https:\/\/schema.org\/CreativeWork\" ><div class='avia_textblock'  itemprop=\"text\" ><h1>Gratis r\u00e5dgivning<\/h1>\n<p><strong>Vi tilbyr gratis r\u00e5dgivning av ditt hus eller din hytte.<\/strong><\/p>\n<\/div><\/section><br \/>\n\n<style type=\"text\/css\" data-created_by=\"avia_inline_auto\" id=\"style-css-av-y1cu8-4a5f12b7204101249f10247a3e35078d\">\n#top .av_textblock_section.av-y1cu8-4a5f12b7204101249f10247a3e35078d .avia_textblock{\nfont-size:16px;\n}\n<\/style>\n<section  class='av_textblock_section av-y1cu8-4a5f12b7204101249f10247a3e35078d '   itemscope=\"itemscope\" itemtype=\"https:\/\/schema.org\/CreativeWork\" ><div class='avia_textblock'  itemprop=\"text\" ><p>Bestiller du gratis befaring tar en av v\u00e5re fagfolk kontakt for en uforpliktende prat. Om \u00f8nskelig avtales tid og sted for en gratis befaring etter din kalender. Du kan n\u00e5r som helst velge \u00e5 avbryte prosessen.<\/p>\n<h2><strong>Du f\u00e5r:<\/strong><\/h2>\n<ul>\n<li>Veiledning i forhold til hvordan du best kan isolere\/etterisolere med trefiberisolasjon<\/li>\n<li>Tips om hvordan du kan f\u00e5 ekstra god lyddemping i boligen din<\/li>\n<li>Bli kjent med fordelene ved trefiber<\/li>\n<\/ul>\n<h2>\u00a0<strong>Hva er Hunton Nativo trefiberisolasjon?<\/strong><\/h2>\n<ul>\n<li>Ekstra gode lyddempende egenskaper<\/li>\n<li>Trefiber har hygroskopiske egenskaper<\/li>\n<li>Har god varmelagringskapasitet<\/li>\n<li>Er behagelig \u00e5 montere og gir ikke kl\u00f8e<\/li>\n<li>Er i all hovedsak basert p\u00e5 kortreist granflis, et naturlig og fornybart<br \/>\nr\u00e5stoff som lagrer karbon gjennom hele produktets livsl\u00f8p<\/li>\n<li>F\u00e5s ogs\u00e5 som\u00a0<a href=\"https:\/\/www.hunton.no\/produkter\/vegg\/hunton_nativo-trefiberisolasjon-innblast\/\">bl\u00e5seisolasjon<\/a><\/li>\n<li>Har SINTEF Teknisk Godkjenning<\/li>\n<\/ul>\n<\/div><\/section><\/p><\/div><\/p>\n<\/div><\/div>\n<style type=\"text\/css\" data-created_by=\"avia_inline_auto\" id=\"style-css-av-pgzrc-37d7204d5cbc5c83868d906b7349f0a0\">\n.flex_cell.av-pgzrc-37d7204d5cbc5c83868d906b7349f0a0{\nvertical-align:top;\n}\n.responsive #top #wrap_all .flex_cell.av-pgzrc-37d7204d5cbc5c83868d906b7349f0a0{\npadding:30px 30px 30px 30px !important;\n}\n<\/style>\n<div class='flex_cell av-pgzrc-37d7204d5cbc5c83868d906b7349f0a0 av-gridrow-cell av_one_half no_margin  avia-builder-el-7  el_after_av_cell_one_half  avia-builder-el-last  content-align-top'  ><div class='flex_cell_inner'>\n<style type=\"text\/css\" data-created_by=\"avia_inline_auto\" id=\"style-css-av-ju0ns-6584d9f41740a206a937ce3436d70d4f\">\n#top .flex_column.av-ju0ns-6584d9f41740a206a937ce3436d70d4f{\nmargin-top:30px;\nmargin-bottom:30px;\n}\n.flex_column.av-ju0ns-6584d9f41740a206a937ce3436d70d4f{\nwidth:100%;\nborder-width:1px;\nborder-color:#d8d8d8;\nborder-style:solid;\nborder-radius:5px 5px 5px 5px;\npadding:30px 30px 30px 30px;\nbackground-color:#ffffff;\n}\n.responsive #top #wrap_all .flex_column.av-ju0ns-6584d9f41740a206a937ce3436d70d4f{\nmargin-top:30px;\nmargin-bottom:30px;\n}\n<\/style>\n<div  class='flex_column av-ju0ns-6584d9f41740a206a937ce3436d70d4f av_one_full  avia-builder-el-8  avia-builder-el-no-sibling  nativo_form first flex_column_div av-animated-generic pop-up  '     ><section  class='av_textblock_section av-efgsw-502d1d4a344e05f7c280073de961cb38 '   itemscope=\"itemscope\" itemtype=\"https:\/\/schema.org\/CreativeWork\" ><div class='avia_textblock'  itemprop=\"text\" ><h3><\/h3>\n<h3><\/h3>\n<h3>Fyll ut skjema og f\u00e5 gratis r\u00e5dgivning<\/h3>\n<\/div><\/section><br \/>\n\n<style type=\"text\/css\" data-created_by=\"avia_inline_auto\" id=\"style-css-av-87f7s-e58602da974c59417505bdc369c34fd7\">\n#top .av_textblock_section.av-87f7s-e58602da974c59417505bdc369c34fd7 .avia_textblock{\nfont-size:14px;\n}\n<\/style>\n<section  class='av_textblock_section av-87f7s-e58602da974c59417505bdc369c34fd7 '   itemscope=\"itemscope\" itemtype=\"https:\/\/schema.org\/CreativeWork\" ><div class='avia_textblock'  itemprop=\"text\" >\n\t\t\t\t\t\t<script>\n\t\t\t\t\t\t\twindow.hsFormsOnReady = window.hsFormsOnReady || [];\n\t\t\t\t\t\t\twindow.hsFormsOnReady.push(()=>{\n\t\t\t\t\t\t\t\thbspt.forms.create({\n\t\t\t\t\t\t\t\t\tportalId: 2810273,\n\t\t\t\t\t\t\t\t\tformId: \"0ee4af5f-fd8d-4337-855d-545b7091fb19\",\n\t\t\t\t\t\t\t\t\ttarget: \"#hbspt-form-1776068100000-2023993846\",\n\t\t\t\t\t\t\t\t\tregion: \"\",\n\t\t\t\t\t\t\t\t\t\n\t\t\t\t\t\t\t})});\n\t\t\t\t\t\t<\/script>\n\t\t\t\t\t\t<div class=\"hbspt-form\" id=\"hbspt-form-1776068100000-2023993846\"><\/div>\n<\/div><\/section><\/p><\/div>\n<\/div><\/div><\/div>\n","protected":false},"excerpt":{"rendered":"","protected":false},"author":27,"featured_media":0,"parent":0,"menu_order":0,"comment_status":"closed","ping_status":"closed","template":"template-blank.php","meta":{"_acf_changed":false,"content-type":"","footnotes":""},"class_list":["post-240","page","type-page","status-publish","hentry"],"acf":[],"yoast_head":"<!-- This site is optimized with the Yoast SEO plugin v27.3 - https:\/\/yoast.com\/product\/yoast-seo-wordpress\/ -->\n<title>Nativo trefiberisolasjon - Bestill gratis r\u00e5dgivning<\/title>\n<meta name=\"description\" content=\"Byggisolasjon med ekstra gode lyddempende egenskaper. Den kan benyttes b\u00e5de i vegger, gulv og tak. F\u00e5 r\u00e5d til ditt prosjekt her!\" \/>\n<meta name=\"robots\" content=\"index, follow, max-snippet:-1, max-image-preview:large, max-video-preview:-1\" \/>\n<link rel=\"canonical\" href=\"https:\/\/www.hunton.no\/marketing\/nativo-no\/\" \/>\n<meta property=\"og:locale\" content=\"nb_NO\" \/>\n<meta property=\"og:type\" content=\"article\" \/>\n<meta property=\"og:title\" content=\"Nativo trefiberisolasjon - Bestill gratis r\u00e5dgivning\" \/>\n<meta property=\"og:description\" content=\"Byggisolasjon med ekstra gode lyddempende egenskaper. Den kan benyttes b\u00e5de i vegger, gulv og tak. F\u00e5 r\u00e5d til ditt prosjekt her!\" \/>\n<meta property=\"og:url\" content=\"https:\/\/www.hunton.no\/marketing\/nativo-no\/\" \/>\n<meta property=\"og:site_name\" content=\"Hunton Marketing\" \/>\n<meta property=\"article:modified_time\" content=\"2024-08-06T07:23:41+00:00\" \/>\n<meta property=\"og:image\" content=\"https:\/\/www.facebook.com\/tr?id=481848428853796&ev=PageView&noscript=1\" \/>\n<meta name=\"twitter:card\" content=\"summary_large_image\" \/>\n<meta name=\"twitter:label1\" content=\"Ansl. lesetid\" \/>\n\t<meta name=\"twitter:data1\" content=\"1 minutt\" \/>\n<script type=\"application\/ld+json\" class=\"yoast-schema-graph\">{\"@context\":\"https:\\\/\\\/schema.org\",\"@graph\":[{\"@type\":\"WebPage\",\"@id\":\"https:\\\/\\\/www.hunton.no\\\/marketing\\\/nativo-no\\\/\",\"url\":\"https:\\\/\\\/www.hunton.no\\\/marketing\\\/nativo-no\\\/\",\"name\":\"Nativo trefiberisolasjon - Bestill gratis r\u00e5dgivning\",\"isPartOf\":{\"@id\":\"https:\\\/\\\/www.hunton.no\\\/marketing\\\/#website\"},\"primaryImageOfPage\":{\"@id\":\"https:\\\/\\\/www.hunton.no\\\/marketing\\\/nativo-no\\\/#primaryimage\"},\"image\":{\"@id\":\"https:\\\/\\\/www.hunton.no\\\/marketing\\\/nativo-no\\\/#primaryimage\"},\"thumbnailUrl\":\"https:\\\/\\\/www.facebook.com\\\/tr?id=481848428853796&ev=PageView&noscript=1\",\"datePublished\":\"2018-04-26T13:50:10+00:00\",\"dateModified\":\"2024-08-06T07:23:41+00:00\",\"description\":\"Byggisolasjon med ekstra gode lyddempende egenskaper. Den kan benyttes b\u00e5de i vegger, gulv og tak. F\u00e5 r\u00e5d til ditt prosjekt her!\",\"breadcrumb\":{\"@id\":\"https:\\\/\\\/www.hunton.no\\\/marketing\\\/nativo-no\\\/#breadcrumb\"},\"inLanguage\":\"nb-NO\",\"potentialAction\":[{\"@type\":\"ReadAction\",\"target\":[\"https:\\\/\\\/www.hunton.no\\\/marketing\\\/nativo-no\\\/\"]}]},{\"@type\":\"ImageObject\",\"inLanguage\":\"nb-NO\",\"@id\":\"https:\\\/\\\/www.hunton.no\\\/marketing\\\/nativo-no\\\/#primaryimage\",\"url\":\"https:\\\/\\\/www.facebook.com\\\/tr?id=481848428853796&ev=PageView&noscript=1\",\"contentUrl\":\"https:\\\/\\\/www.facebook.com\\\/tr?id=481848428853796&ev=PageView&noscript=1\"},{\"@type\":\"BreadcrumbList\",\"@id\":\"https:\\\/\\\/www.hunton.no\\\/marketing\\\/nativo-no\\\/#breadcrumb\",\"itemListElement\":[{\"@type\":\"ListItem\",\"position\":1,\"name\":\"Hjem\",\"item\":\"https:\\\/\\\/www.hunton.no\\\/marketing\\\/\"},{\"@type\":\"ListItem\",\"position\":2,\"name\":\"Nativo NO\"}]},{\"@type\":\"WebSite\",\"@id\":\"https:\\\/\\\/www.hunton.no\\\/marketing\\\/#website\",\"url\":\"https:\\\/\\\/www.hunton.no\\\/marketing\\\/\",\"name\":\"Hunton Marketing\",\"description\":\"\",\"potentialAction\":[{\"@type\":\"SearchAction\",\"target\":{\"@type\":\"EntryPoint\",\"urlTemplate\":\"https:\\\/\\\/www.hunton.no\\\/marketing\\\/?s={search_term_string}\"},\"query-input\":{\"@type\":\"PropertyValueSpecification\",\"valueRequired\":true,\"valueName\":\"search_term_string\"}}],\"inLanguage\":\"nb-NO\"}]}<\/script>\n<!-- \/ Yoast SEO plugin. -->","yoast_head_json":{"title":"Nativo trefiberisolasjon - Bestill gratis r\u00e5dgivning","description":"Byggisolasjon med ekstra gode lyddempende egenskaper. Den kan benyttes b\u00e5de i vegger, gulv og tak. F\u00e5 r\u00e5d til ditt prosjekt her!","robots":{"index":"index","follow":"follow","max-snippet":"max-snippet:-1","max-image-preview":"max-image-preview:large","max-video-preview":"max-video-preview:-1"},"canonical":"https:\/\/www.hunton.no\/marketing\/nativo-no\/","og_locale":"nb_NO","og_type":"article","og_title":"Nativo trefiberisolasjon - Bestill gratis r\u00e5dgivning","og_description":"Byggisolasjon med ekstra gode lyddempende egenskaper. Den kan benyttes b\u00e5de i vegger, gulv og tak. F\u00e5 r\u00e5d til ditt prosjekt her!","og_url":"https:\/\/www.hunton.no\/marketing\/nativo-no\/","og_site_name":"Hunton Marketing","article_modified_time":"2024-08-06T07:23:41+00:00","og_image":[{"url":"https:\/\/www.facebook.com\/tr?id=481848428853796&ev=PageView&noscript=1","type":"","width":"","height":""}],"twitter_card":"summary_large_image","twitter_misc":{"Ansl. lesetid":"1 minutt"},"schema":{"@context":"https:\/\/schema.org","@graph":[{"@type":"WebPage","@id":"https:\/\/www.hunton.no\/marketing\/nativo-no\/","url":"https:\/\/www.hunton.no\/marketing\/nativo-no\/","name":"Nativo trefiberisolasjon - Bestill gratis r\u00e5dgivning","isPartOf":{"@id":"https:\/\/www.hunton.no\/marketing\/#website"},"primaryImageOfPage":{"@id":"https:\/\/www.hunton.no\/marketing\/nativo-no\/#primaryimage"},"image":{"@id":"https:\/\/www.hunton.no\/marketing\/nativo-no\/#primaryimage"},"thumbnailUrl":"https:\/\/www.facebook.com\/tr?id=481848428853796&ev=PageView&noscript=1","datePublished":"2018-04-26T13:50:10+00:00","dateModified":"2024-08-06T07:23:41+00:00","description":"Byggisolasjon med ekstra gode lyddempende egenskaper. Den kan benyttes b\u00e5de i vegger, gulv og tak. F\u00e5 r\u00e5d til ditt prosjekt her!","breadcrumb":{"@id":"https:\/\/www.hunton.no\/marketing\/nativo-no\/#breadcrumb"},"inLanguage":"nb-NO","potentialAction":[{"@type":"ReadAction","target":["https:\/\/www.hunton.no\/marketing\/nativo-no\/"]}]},{"@type":"ImageObject","inLanguage":"nb-NO","@id":"https:\/\/www.hunton.no\/marketing\/nativo-no\/#primaryimage","url":"https:\/\/www.facebook.com\/tr?id=481848428853796&ev=PageView&noscript=1","contentUrl":"https:\/\/www.facebook.com\/tr?id=481848428853796&ev=PageView&noscript=1"},{"@type":"BreadcrumbList","@id":"https:\/\/www.hunton.no\/marketing\/nativo-no\/#breadcrumb","itemListElement":[{"@type":"ListItem","position":1,"name":"Hjem","item":"https:\/\/www.hunton.no\/marketing\/"},{"@type":"ListItem","position":2,"name":"Nativo NO"}]},{"@type":"WebSite","@id":"https:\/\/www.hunton.no\/marketing\/#website","url":"https:\/\/www.hunton.no\/marketing\/","name":"Hunton Marketing","description":"","potentialAction":[{"@type":"SearchAction","target":{"@type":"EntryPoint","urlTemplate":"https:\/\/www.hunton.no\/marketing\/?s={search_term_string}"},"query-input":{"@type":"PropertyValueSpecification","valueRequired":true,"valueName":"search_term_string"}}],"inLanguage":"nb-NO"}]}},"_links":{"self":[{"href":"https:\/\/www.hunton.no\/marketing\/wp-json\/wp\/v2\/pages\/240","targetHints":{"allow":["GET"]}}],"collection":[{"href":"https:\/\/www.hunton.no\/marketing\/wp-json\/wp\/v2\/pages"}],"about":[{"href":"https:\/\/www.hunton.no\/marketing\/wp-json\/wp\/v2\/types\/page"}],"author":[{"embeddable":true,"href":"https:\/\/www.hunton.no\/marketing\/wp-json\/wp\/v2\/users\/27"}],"replies":[{"embeddable":true,"href":"https:\/\/www.hunton.no\/marketing\/wp-json\/wp\/v2\/comments?post=240"}],"version-history":[{"count":0,"href":"https:\/\/www.hunton.no\/marketing\/wp-json\/wp\/v2\/pages\/240\/revisions"}],"wp:attachment":[{"href":"https:\/\/www.hunton.no\/marketing\/wp-json\/wp\/v2\/media?parent=240"}],"curies":[{"name":"wp","href":"https:\/\/api.w.org\/{rel}","templated":true}]}}