{"id":252,"date":"2018-04-30T13:57:08","date_gmt":"2018-04-30T11:57:08","guid":{"rendered":"https:\/\/www.hunton.no\/marketing\/?page_id=252"},"modified":"2018-06-04T15:44:09","modified_gmt":"2018-06-04T13:44:09","slug":"nativo-se","status":"publish","type":"page","link":"https:\/\/www.hunton.no\/marketing\/nativo-se\/","title":{"rendered":"Nativo SE"},"content":{"rendered":"\n<style type=\"text\/css\" data-created_by=\"avia_inline_auto\" id=\"style-css-av-1xzlfw-2594b98deada9ce4e48dc25c73be408b\">\n.avia-section.av-1xzlfw-2594b98deada9ce4e48dc25c73be408b{\nbackground-repeat:no-repeat;\nbackground-image:url(https:\/\/www.hunton.no\/marketing\/wp-content\/uploads\/sites\/22\/2018\/01\/forrest.jpg);\nbackground-position:0% 50%;\nbackground-attachment:scroll;\n}\n<\/style>\n<div id='nativo_header'  class='avia-section av-1xzlfw-2594b98deada9ce4e48dc25c73be408b main_color avia-section-default avia-no-border-styling  avia-builder-el-0  el_before_av_layout_row  avia-builder-el-first  avia-bg-style-scroll av-minimum-height av-minimum-height-custom av-height-custom  container_wrap sidebar_right'  data-section-bg-repeat='no-repeat' data-av_minimum_height_px='150'><div class='container av-section-cont-open' style='height:150px'><main  role=\"main\" itemprop=\"mainContentOfPage\"  class='template-page content  av-content-small alpha units'><div class='post-entry post-entry-type-page post-entry-252'><div class='entry-content-wrapper clearfix'>\n<\/div><\/div><\/main><!-- close content main element --><\/div><\/div><div id='nativo_landing'  class='av-layout-grid-container av-1o7sbg-2ea2a30066bacf67ea7dd446faa6a27c entry-content-wrapper main_color av-flex-cells  avia-builder-el-1  el_after_av_section  avia-builder-el-last  nativo_landing grid-row-not-first  container_wrap sidebar_right'  >\n\n<style type=\"text\/css\" data-created_by=\"avia_inline_auto\" id=\"style-css-av-5kep8-1af1e280a2470641fecc49458089a9e4\">\n.flex_cell.av-5kep8-1af1e280a2470641fecc49458089a9e4{\nvertical-align:top;\n}\n.responsive #top #wrap_all .flex_cell.av-5kep8-1af1e280a2470641fecc49458089a9e4{\npadding:30px 30px 30px 30px !important;\n}\n<\/style>\n<div class='flex_cell av-5kep8-1af1e280a2470641fecc49458089a9e4 av-gridrow-cell av_one_half no_margin  avia-builder-el-2  el_before_av_cell_one_half  avia-builder-el-first  content-align-top'  ><div class='flex_cell_inner'><p>\n<style type=\"text\/css\" data-created_by=\"avia_inline_auto\" id=\"style-css-av-1e66kk-e53ed257319c743207760db57500febe\">\n#top .flex_column.av-1e66kk-e53ed257319c743207760db57500febe{\nmargin-top:0px;\nmargin-bottom:0px;\n}\n.flex_column.av-1e66kk-e53ed257319c743207760db57500febe{\nborder-radius:0px 0px 0px 0px;\npadding:0px 0px 0px 0px;\n}\n.responsive #top #wrap_all .flex_column.av-1e66kk-e53ed257319c743207760db57500febe{\nmargin-top:0px;\nmargin-bottom:0px;\n}\n<\/style>\n<div  class='flex_column av-1e66kk-e53ed257319c743207760db57500febe av_one_full  avia-builder-el-3  el_before_av_codeblock  avia-builder-el-first  first flex_column_div av-zero-column-padding  '     ><style type=\"text\/css\" data-created_by=\"avia_inline_auto\" id=\"style-css-av-4g7xw-58d6e15786f2faf75ea58cca3829cc9d\">\n#top .av_textblock_section.av-4g7xw-58d6e15786f2faf75ea58cca3829cc9d .avia_textblock{\nfont-size:20px;\n}\n<\/style>\n<section  class='av_textblock_section av-4g7xw-58d6e15786f2faf75ea58cca3829cc9d '   itemscope=\"itemscope\" itemtype=\"https:\/\/schema.org\/CreativeWork\" ><div class='avia_textblock'  itemprop=\"text\" ><h1>Kostnadsfri r\u00e5dgivning<\/h1>\n<p><strong>Vi erbjuder kostnadsfri <\/strong><strong>r\u00e5dgivning<\/strong><strong> av ditt hus.<\/strong><\/p>\n<\/div><\/section><br \/>\n\n<style type=\"text\/css\" data-created_by=\"avia_inline_auto\" id=\"style-css-av-13dogk-e19c022c5b36c8416c482c0d5153b13a\">\n#top .hr.hr-invisible.av-13dogk-e19c022c5b36c8416c482c0d5153b13a{\nheight:10px;\n}\n<\/style>\n<div  class='hr av-13dogk-e19c022c5b36c8416c482c0d5153b13a hr-invisible  avia-builder-el-5  el_after_av_textblock  el_before_av_textblock '><span class='hr-inner '><span class=\"hr-inner-style\"><\/span><\/span><\/div><br \/>\n\n<style type=\"text\/css\" data-created_by=\"avia_inline_auto\" id=\"style-css-av-y1dmc-20d5556892e39692cc9da1e20fc03034\">\n#top .av_textblock_section.av-y1dmc-20d5556892e39692cc9da1e20fc03034 .avia_textblock{\nfont-size:16px;\n}\n<\/style>\n<section  class='av_textblock_section av-y1dmc-20d5556892e39692cc9da1e20fc03034 '   itemscope=\"itemscope\" itemtype=\"https:\/\/schema.org\/CreativeWork\" ><div class='avia_textblock'  itemprop=\"text\" ><p>Om du best\u00e4ller kostnadsfri r\u00e5dgivning, kommer ett av v\u00e5ra proffs att kontakta dig. Det kostar ingenting och \u00e4r inte bindande.<\/p>\n<h2><strong>\u00a0<\/strong><strong>I <\/strong><strong>r\u00e5dgivningen<\/strong><strong> f\u00e5r du:<\/strong><\/h2>\n<ul>\n<li>V\u00e4gledning om hur du b\u00e4st kan isolera eller efterisolera med tr\u00e4fiber<\/li>\n<li>Tips p\u00e5 hur du f\u00e5r b\u00e4ttre inomhusklimat i din bostad<\/li>\n<li>L\u00e4ra dig mer om f\u00f6rdelarna med tr\u00e4fiber<\/li>\n<\/ul>\n<h2><strong>Vad \u00e4r Hunton Nativo?<\/strong><\/h2>\n<ul>\n<li>Naturlig isolering med tr\u00e4fiber<\/li>\n<li>Ger bra inomhusklimat<\/li>\n<li>Goda v\u00e4rmelagringsegenskaper<\/li>\n<li>Irriterar inte huden och kliar inte<\/li>\n<li>G\u00e5r att \u00e5tervinna<\/li>\n<li>Godk\u00e4nd av SINTEF Byggforskning<\/li>\n<\/ul>\n<\/div><\/section><\/p><\/div><\/p>\n<\/div><\/div>\n<style type=\"text\/css\" data-created_by=\"avia_inline_auto\" id=\"style-css-av-ti6mc-9b27e7f21abbdb0034194ed6b0cbb7c6\">\n.flex_cell.av-ti6mc-9b27e7f21abbdb0034194ed6b0cbb7c6{\nvertical-align:top;\n}\n.responsive #top #wrap_all .flex_cell.av-ti6mc-9b27e7f21abbdb0034194ed6b0cbb7c6{\npadding:30px 30px 30px 30px !important;\n}\n<\/style>\n<div class='flex_cell av-ti6mc-9b27e7f21abbdb0034194ed6b0cbb7c6 av-gridrow-cell av_one_half no_margin  avia-builder-el-8  el_after_av_cell_one_half  avia-builder-el-last  content-align-top'  ><div class='flex_cell_inner'>\n<style type=\"text\/css\" data-created_by=\"avia_inline_auto\" id=\"style-css-av-m8gjw-6a4b3d998e2d6e3c7c3dda96798e8959\">\n#top .flex_column.av-m8gjw-6a4b3d998e2d6e3c7c3dda96798e8959{\nmargin-top:-80px;\nmargin-bottom:30px;\n}\n.flex_column.av-m8gjw-6a4b3d998e2d6e3c7c3dda96798e8959{\nborder-width:1px;\nborder-color:#d8d8d8;\nborder-style:solid;\nborder-radius:5px 5px 5px 5px;\npadding:30px 30px 30px 30px;\nbackground-color:#ffffff;\n}\n.responsive #top #wrap_all .flex_column.av-m8gjw-6a4b3d998e2d6e3c7c3dda96798e8959{\nmargin-top:-80px;\nmargin-bottom:30px;\n}\n<\/style>\n<div  class='flex_column av-m8gjw-6a4b3d998e2d6e3c7c3dda96798e8959 av_one_full  avia-builder-el-9  avia-builder-el-no-sibling  nativo_form first flex_column_div av-animated-generic pop-up  '     ><section  class='av_textblock_section av-cpkf0-697ee453e29e0100897334df2cc871d4 '   itemscope=\"itemscope\" itemtype=\"https:\/\/schema.org\/CreativeWork\" ><div class='avia_textblock'  itemprop=\"text\" ><h3><strong>FYLL I FORMUL\u00c4RET OCH F\u00c5 KOSTNADSFRI R\u00c5DGIVNING<\/strong><\/h3>\n<\/div><\/section><br \/>\n\n<style type=\"text\/css\" data-created_by=\"avia_inline_auto\" id=\"style-css-av-aoddw-47f635dc94856e85eea3dab187a49ec0\">\n#top .av_textblock_section.av-aoddw-47f635dc94856e85eea3dab187a49ec0 .avia_textblock{\nfont-size:14px;\n}\n<\/style>\n<section  class='av_textblock_section av-aoddw-47f635dc94856e85eea3dab187a49ec0 '   itemscope=\"itemscope\" itemtype=\"https:\/\/schema.org\/CreativeWork\" ><div class='avia_textblock'  itemprop=\"text\" ><p>[gravityform id=&raquo;6&#8243; title=&raquo;false&raquo; description=&raquo;false&raquo; ajax=&raquo;true&raquo;]<\/p>\n<\/div><\/section><\/p><\/div>\n<\/div><\/div><\/div>\n","protected":false},"excerpt":{"rendered":"","protected":false},"author":27,"featured_media":0,"parent":0,"menu_order":0,"comment_status":"closed","ping_status":"closed","template":"template-blank.php","meta":{"_acf_changed":false,"content-type":"","footnotes":""},"class_list":["post-252","page","type-page","status-publish","hentry"],"acf":[],"yoast_head":"<!-- This site is optimized with the Yoast SEO plugin v27.3 - https:\/\/yoast.com\/product\/yoast-seo-wordpress\/ -->\n<title>Nativo SE - Hunton Marketing<\/title>\n<meta name=\"robots\" content=\"index, follow, max-snippet:-1, max-image-preview:large, max-video-preview:-1\" \/>\n<link rel=\"canonical\" href=\"https:\/\/www.hunton.no\/marketing\/nativo-se\/\" \/>\n<meta property=\"og:locale\" content=\"nb_NO\" \/>\n<meta property=\"og:type\" content=\"article\" \/>\n<meta property=\"og:title\" content=\"Nativo SE - Hunton Marketing\" \/>\n<meta property=\"og:url\" content=\"https:\/\/www.hunton.no\/marketing\/nativo-se\/\" \/>\n<meta property=\"og:site_name\" content=\"Hunton Marketing\" \/>\n<meta property=\"article:modified_time\" content=\"2018-06-04T13:44:09+00:00\" \/>\n<meta property=\"og:image\" content=\"https:\/\/www.facebook.com\/tr?id=481848428853796&ev=PageView&noscript=1\" \/>\n<meta name=\"twitter:card\" content=\"summary_large_image\" \/>\n<meta name=\"twitter:label1\" content=\"Ansl. lesetid\" \/>\n\t<meta name=\"twitter:data1\" content=\"4 minutter\" \/>\n<script type=\"application\/ld+json\" class=\"yoast-schema-graph\">{\"@context\":\"https:\\\/\\\/schema.org\",\"@graph\":[{\"@type\":\"WebPage\",\"@id\":\"https:\\\/\\\/www.hunton.no\\\/marketing\\\/nativo-se\\\/\",\"url\":\"https:\\\/\\\/www.hunton.no\\\/marketing\\\/nativo-se\\\/\",\"name\":\"Nativo SE - Hunton Marketing\",\"isPartOf\":{\"@id\":\"https:\\\/\\\/www.hunton.no\\\/marketing\\\/#website\"},\"primaryImageOfPage\":{\"@id\":\"https:\\\/\\\/www.hunton.no\\\/marketing\\\/nativo-se\\\/#primaryimage\"},\"image\":{\"@id\":\"https:\\\/\\\/www.hunton.no\\\/marketing\\\/nativo-se\\\/#primaryimage\"},\"thumbnailUrl\":\"https:\\\/\\\/www.facebook.com\\\/tr?id=481848428853796&ev=PageView&noscript=1\",\"datePublished\":\"2018-04-30T11:57:08+00:00\",\"dateModified\":\"2018-06-04T13:44:09+00:00\",\"breadcrumb\":{\"@id\":\"https:\\\/\\\/www.hunton.no\\\/marketing\\\/nativo-se\\\/#breadcrumb\"},\"inLanguage\":\"nb-NO\",\"potentialAction\":[{\"@type\":\"ReadAction\",\"target\":[\"https:\\\/\\\/www.hunton.no\\\/marketing\\\/nativo-se\\\/\"]}]},{\"@type\":\"ImageObject\",\"inLanguage\":\"nb-NO\",\"@id\":\"https:\\\/\\\/www.hunton.no\\\/marketing\\\/nativo-se\\\/#primaryimage\",\"url\":\"https:\\\/\\\/www.facebook.com\\\/tr?id=481848428853796&ev=PageView&noscript=1\",\"contentUrl\":\"https:\\\/\\\/www.facebook.com\\\/tr?id=481848428853796&ev=PageView&noscript=1\"},{\"@type\":\"BreadcrumbList\",\"@id\":\"https:\\\/\\\/www.hunton.no\\\/marketing\\\/nativo-se\\\/#breadcrumb\",\"itemListElement\":[{\"@type\":\"ListItem\",\"position\":1,\"name\":\"Hjem\",\"item\":\"https:\\\/\\\/www.hunton.no\\\/marketing\\\/\"},{\"@type\":\"ListItem\",\"position\":2,\"name\":\"Nativo SE\"}]},{\"@type\":\"WebSite\",\"@id\":\"https:\\\/\\\/www.hunton.no\\\/marketing\\\/#website\",\"url\":\"https:\\\/\\\/www.hunton.no\\\/marketing\\\/\",\"name\":\"Hunton Marketing\",\"description\":\"\",\"potentialAction\":[{\"@type\":\"SearchAction\",\"target\":{\"@type\":\"EntryPoint\",\"urlTemplate\":\"https:\\\/\\\/www.hunton.no\\\/marketing\\\/?s={search_term_string}\"},\"query-input\":{\"@type\":\"PropertyValueSpecification\",\"valueRequired\":true,\"valueName\":\"search_term_string\"}}],\"inLanguage\":\"nb-NO\"}]}<\/script>\n<!-- \/ Yoast SEO plugin. -->","yoast_head_json":{"title":"Nativo SE - Hunton Marketing","robots":{"index":"index","follow":"follow","max-snippet":"max-snippet:-1","max-image-preview":"max-image-preview:large","max-video-preview":"max-video-preview:-1"},"canonical":"https:\/\/www.hunton.no\/marketing\/nativo-se\/","og_locale":"nb_NO","og_type":"article","og_title":"Nativo SE - Hunton Marketing","og_url":"https:\/\/www.hunton.no\/marketing\/nativo-se\/","og_site_name":"Hunton Marketing","article_modified_time":"2018-06-04T13:44:09+00:00","og_image":[{"url":"https:\/\/www.facebook.com\/tr?id=481848428853796&ev=PageView&noscript=1","type":"","width":"","height":""}],"twitter_card":"summary_large_image","twitter_misc":{"Ansl. lesetid":"4 minutter"},"schema":{"@context":"https:\/\/schema.org","@graph":[{"@type":"WebPage","@id":"https:\/\/www.hunton.no\/marketing\/nativo-se\/","url":"https:\/\/www.hunton.no\/marketing\/nativo-se\/","name":"Nativo SE - Hunton Marketing","isPartOf":{"@id":"https:\/\/www.hunton.no\/marketing\/#website"},"primaryImageOfPage":{"@id":"https:\/\/www.hunton.no\/marketing\/nativo-se\/#primaryimage"},"image":{"@id":"https:\/\/www.hunton.no\/marketing\/nativo-se\/#primaryimage"},"thumbnailUrl":"https:\/\/www.facebook.com\/tr?id=481848428853796&ev=PageView&noscript=1","datePublished":"2018-04-30T11:57:08+00:00","dateModified":"2018-06-04T13:44:09+00:00","breadcrumb":{"@id":"https:\/\/www.hunton.no\/marketing\/nativo-se\/#breadcrumb"},"inLanguage":"nb-NO","potentialAction":[{"@type":"ReadAction","target":["https:\/\/www.hunton.no\/marketing\/nativo-se\/"]}]},{"@type":"ImageObject","inLanguage":"nb-NO","@id":"https:\/\/www.hunton.no\/marketing\/nativo-se\/#primaryimage","url":"https:\/\/www.facebook.com\/tr?id=481848428853796&ev=PageView&noscript=1","contentUrl":"https:\/\/www.facebook.com\/tr?id=481848428853796&ev=PageView&noscript=1"},{"@type":"BreadcrumbList","@id":"https:\/\/www.hunton.no\/marketing\/nativo-se\/#breadcrumb","itemListElement":[{"@type":"ListItem","position":1,"name":"Hjem","item":"https:\/\/www.hunton.no\/marketing\/"},{"@type":"ListItem","position":2,"name":"Nativo SE"}]},{"@type":"WebSite","@id":"https:\/\/www.hunton.no\/marketing\/#website","url":"https:\/\/www.hunton.no\/marketing\/","name":"Hunton Marketing","description":"","potentialAction":[{"@type":"SearchAction","target":{"@type":"EntryPoint","urlTemplate":"https:\/\/www.hunton.no\/marketing\/?s={search_term_string}"},"query-input":{"@type":"PropertyValueSpecification","valueRequired":true,"valueName":"search_term_string"}}],"inLanguage":"nb-NO"}]}},"_links":{"self":[{"href":"https:\/\/www.hunton.no\/marketing\/wp-json\/wp\/v2\/pages\/252","targetHints":{"allow":["GET"]}}],"collection":[{"href":"https:\/\/www.hunton.no\/marketing\/wp-json\/wp\/v2\/pages"}],"about":[{"href":"https:\/\/www.hunton.no\/marketing\/wp-json\/wp\/v2\/types\/page"}],"author":[{"embeddable":true,"href":"https:\/\/www.hunton.no\/marketing\/wp-json\/wp\/v2\/users\/27"}],"replies":[{"embeddable":true,"href":"https:\/\/www.hunton.no\/marketing\/wp-json\/wp\/v2\/comments?post=252"}],"version-history":[{"count":0,"href":"https:\/\/www.hunton.no\/marketing\/wp-json\/wp\/v2\/pages\/252\/revisions"}],"wp:attachment":[{"href":"https:\/\/www.hunton.no\/marketing\/wp-json\/wp\/v2\/media?parent=252"}],"curies":[{"name":"wp","href":"https:\/\/api.w.org\/{rel}","templated":true}]}}