{"id":256,"date":"2018-04-30T13:20:47","date_gmt":"2018-04-30T11:20:47","guid":{"rendered":"https:\/\/www.hunton.no\/marketing\/?page_id=256"},"modified":"2018-06-04T15:35:55","modified_gmt":"2018-06-04T13:35:55","slug":"nativo-dk","status":"publish","type":"page","link":"https:\/\/www.hunton.no\/marketing\/nativo-dk\/","title":{"rendered":"Nativo DK"},"content":{"rendered":"\n<style type=\"text\/css\" data-created_by=\"avia_inline_auto\" id=\"style-css-av-1y4zw0-b8a9e009fd7a534cac1f0d9e1c3044da\">\n.avia-section.av-1y4zw0-b8a9e009fd7a534cac1f0d9e1c3044da{\nbackground-repeat:no-repeat;\nbackground-image:url(https:\/\/www.hunton.no\/marketing\/wp-content\/uploads\/sites\/22\/2018\/01\/forrest.jpg);\nbackground-position:0% 50%;\nbackground-attachment:scroll;\n}\n<\/style>\n<div id='nativo_header'  class='avia-section av-1y4zw0-b8a9e009fd7a534cac1f0d9e1c3044da main_color avia-section-default avia-no-border-styling  avia-builder-el-0  el_before_av_layout_row  avia-builder-el-first  avia-bg-style-scroll av-minimum-height av-minimum-height-custom av-height-custom  container_wrap sidebar_right'  data-section-bg-repeat='no-repeat' data-av_minimum_height_px='150'><div class='container av-section-cont-open' style='height:150px'><main  role=\"main\" itemprop=\"mainContentOfPage\"  class='template-page content  av-content-small alpha units'><div class='post-entry post-entry-type-page post-entry-256'><div class='entry-content-wrapper clearfix'>\n<\/div><\/div><\/main><!-- close content main element --><\/div><\/div><div id='nativo_landing'  class='av-layout-grid-container av-1oi15c-0f94d8ef44a5d149fbf2375148aafc39 entry-content-wrapper main_color av-flex-cells  avia-builder-el-1  el_after_av_section  avia-builder-el-last  nativo_landing grid-row-not-first  container_wrap sidebar_right'  >\n\n<style type=\"text\/css\" data-created_by=\"avia_inline_auto\" id=\"style-css-av-1lpego-ae3fad698905dafdb45b2fe15500375a\">\n.flex_cell.av-1lpego-ae3fad698905dafdb45b2fe15500375a{\nvertical-align:top;\n}\n.responsive #top #wrap_all .flex_cell.av-1lpego-ae3fad698905dafdb45b2fe15500375a{\npadding:30px 30px 30px 30px !important;\n}\n<\/style>\n<div class='flex_cell av-1lpego-ae3fad698905dafdb45b2fe15500375a av-gridrow-cell av_one_half no_margin  avia-builder-el-2  el_before_av_cell_one_half  avia-builder-el-first  content-align-top'  ><div class='flex_cell_inner'>\n<style type=\"text\/css\" data-created_by=\"avia_inline_auto\" id=\"style-css-av-1f3fc0-885c41b6d6ff1bb830e070f47af0e3c0\">\n#top .flex_column.av-1f3fc0-885c41b6d6ff1bb830e070f47af0e3c0{\nmargin-top:0px;\nmargin-bottom:0px;\n}\n.flex_column.av-1f3fc0-885c41b6d6ff1bb830e070f47af0e3c0{\nborder-radius:0px 0px 0px 0px;\npadding:0px 0px 0px 0px;\n}\n.responsive #top #wrap_all .flex_column.av-1f3fc0-885c41b6d6ff1bb830e070f47af0e3c0{\nmargin-top:0px;\nmargin-bottom:0px;\n}\n<\/style>\n<div  class='flex_column av-1f3fc0-885c41b6d6ff1bb830e070f47af0e3c0 av_one_full  avia-builder-el-3  avia-builder-el-no-sibling  first flex_column_div av-zero-column-padding  '     ><style type=\"text\/css\" data-created_by=\"avia_inline_auto\" id=\"style-css-av-1894tk-a95b59fa94bf08f60179a30f71b8cd1c\">\n#top .av_textblock_section.av-1894tk-a95b59fa94bf08f60179a30f71b8cd1c .avia_textblock{\nfont-size:20px;\n}\n<\/style>\n<section  class='av_textblock_section av-1894tk-a95b59fa94bf08f60179a30f71b8cd1c '   itemscope=\"itemscope\" itemtype=\"https:\/\/schema.org\/CreativeWork\" ><div class='avia_textblock'  itemprop=\"text\" ><h1>Gratis inspektion<\/h1>\n<p><strong>Vi tilbyder gratis inspektion af dit hus eller dit fritidshus.<\/strong><\/p>\n<\/div><\/section><br \/>\n\n<style type=\"text\/css\" data-created_by=\"avia_inline_auto\" id=\"style-css-av-123hnk-b9ceb7ea176c7b293cdf4652ecda9289\">\n#top .hr.hr-invisible.av-123hnk-b9ceb7ea176c7b293cdf4652ecda9289{\nheight:10px;\n}\n<\/style>\n<div  class='hr av-123hnk-b9ceb7ea176c7b293cdf4652ecda9289 hr-invisible  avia-builder-el-5  el_after_av_textblock  el_before_av_textblock '><span class='hr-inner '><span class=\"hr-inner-style\"><\/span><\/span><\/div><br \/>\n\n<style type=\"text\/css\" data-created_by=\"avia_inline_auto\" id=\"style-css-av-y6lw8-9ab6eeb095bdb01c24a19ef2a97e84d2\">\n#top .av_textblock_section.av-y6lw8-9ab6eeb095bdb01c24a19ef2a97e84d2 .avia_textblock{\nfont-size:16px;\n}\n<\/style>\n<section  class='av_textblock_section av-y6lw8-9ab6eeb095bdb01c24a19ef2a97e84d2 '   itemscope=\"itemscope\" itemtype=\"https:\/\/schema.org\/CreativeWork\" ><div class='avia_textblock'  itemprop=\"text\" ><p>N\u00e5r du bestiller en gratis inspektion, bliver du straks kontaktet af vores fagfolk med henblik p\u00e5 en uforpligtende samtale. Efter dit \u00f8nske aftales tid og sted for en gratis inspektion, n\u00e5r det passer ind i din kalender. Du kan n\u00e5r som helst v\u00e6lge at afbryde processen.<\/p>\n<h2>Ved inspektionen f\u00e5r du:<\/h2>\n<ul>\n<li>Vejledning i hvordan du bedst kan isolere\/efterisolere med tr\u00e6fiberisolering.<\/li>\n<li>Tips om hvordan du kan forbede indeklimaet i din bolig<\/li>\n<li>Information om fordelene ved tr\u00e6fiber.<\/li>\n<\/ul>\n<h2>Hvad er Hunton Nativo?<\/h2>\n<ul>\n<li>Naturlig isolering baseret p\u00e5 tr\u00e6fiber<\/li>\n<li>Sikrer et godt indeklima<\/li>\n<li>Gode varmelagrende egenskaber<\/li>\n<li>Irriterer ikke huden og kl\u00f8r ikke<\/li>\n<li>Genanvendelig<\/li>\n<li>Teknisk Godkendelse af SINTEF Byggforsk<\/li>\n<\/ul>\n<\/div><\/section><br \/>\n<\/p><\/div>\n<\/div><\/div>\n<style type=\"text\/css\" data-created_by=\"avia_inline_auto\" id=\"style-css-av-s8t4w-61fc04c128b6d2d2ade3d99a46d7efec\">\n.flex_cell.av-s8t4w-61fc04c128b6d2d2ade3d99a46d7efec{\nvertical-align:top;\n}\n.responsive #top #wrap_all .flex_cell.av-s8t4w-61fc04c128b6d2d2ade3d99a46d7efec{\npadding:30px 30px 30px 30px !important;\n}\n<\/style>\n<div class='flex_cell av-s8t4w-61fc04c128b6d2d2ade3d99a46d7efec av-gridrow-cell av_one_half no_margin  avia-builder-el-8  el_after_av_cell_one_half  avia-builder-el-last  content-align-top'  ><div class='flex_cell_inner'>\n<style type=\"text\/css\" data-created_by=\"avia_inline_auto\" id=\"style-css-av-kpcrc-d8b0030d86eaaec0c78d712336f59f96\">\n#top .flex_column.av-kpcrc-d8b0030d86eaaec0c78d712336f59f96{\nmargin-top:-80px;\nmargin-bottom:30px;\n}\n.flex_column.av-kpcrc-d8b0030d86eaaec0c78d712336f59f96{\nborder-width:1px;\nborder-color:#d8d8d8;\nborder-style:solid;\nborder-radius:5px 5px 5px 5px;\npadding:30px 30px 30px 30px;\nbackground-color:#ffffff;\n}\n.responsive #top #wrap_all .flex_column.av-kpcrc-d8b0030d86eaaec0c78d712336f59f96{\nmargin-top:-80px;\nmargin-bottom:30px;\n}\n<\/style>\n<div  class='flex_column av-kpcrc-d8b0030d86eaaec0c78d712336f59f96 av_one_full  avia-builder-el-9  avia-builder-el-no-sibling  nativo_form first flex_column_div av-animated-generic pop-up  '     ><section  class='av_textblock_section av-grmwo-4190be2cd56db4fa777e7a084f2522c6 '   itemscope=\"itemscope\" itemtype=\"https:\/\/schema.org\/CreativeWork\" ><div class='avia_textblock'  itemprop=\"text\" ><h3 class=\"p1\">UDFYLD SKEMAET OG F\u00c5 EN GRATIS INSPEKTION<\/h3>\n<\/div><\/section><br \/>\n\n<style type=\"text\/css\" data-created_by=\"avia_inline_auto\" id=\"style-css-av-7pp40-1e7b7df32a38e446939ae6dceb83ab84\">\n#top .av_textblock_section.av-7pp40-1e7b7df32a38e446939ae6dceb83ab84 .avia_textblock{\nfont-size:14px;\n}\n<\/style>\n<section  class='av_textblock_section av-7pp40-1e7b7df32a38e446939ae6dceb83ab84 '   itemscope=\"itemscope\" itemtype=\"https:\/\/schema.org\/CreativeWork\" ><div class='avia_textblock'  itemprop=\"text\" ><p>[gravityform id=&raquo;7&#8243; title=&raquo;false&raquo; description=&raquo;false&raquo; ajax=&raquo;true&raquo;]<\/p>\n<\/div><\/section><\/p><\/div>\n<\/div><\/div><\/div>\n","protected":false},"excerpt":{"rendered":"","protected":false},"author":27,"featured_media":0,"parent":0,"menu_order":0,"comment_status":"closed","ping_status":"closed","template":"template-blank.php","meta":{"_acf_changed":false,"content-type":"","footnotes":""},"class_list":["post-256","page","type-page","status-publish","hentry"],"acf":[],"yoast_head":"<!-- This site is optimized with the Yoast SEO plugin v27.3 - https:\/\/yoast.com\/product\/yoast-seo-wordpress\/ -->\n<title>Nativo DK - Hunton Marketing<\/title>\n<meta name=\"robots\" content=\"index, follow, max-snippet:-1, max-image-preview:large, max-video-preview:-1\" \/>\n<link rel=\"canonical\" href=\"https:\/\/www.hunton.no\/marketing\/nativo-dk\/\" \/>\n<meta property=\"og:locale\" content=\"nb_NO\" \/>\n<meta property=\"og:type\" content=\"article\" \/>\n<meta property=\"og:title\" content=\"Nativo DK - Hunton Marketing\" \/>\n<meta property=\"og:url\" content=\"https:\/\/www.hunton.no\/marketing\/nativo-dk\/\" \/>\n<meta property=\"og:site_name\" content=\"Hunton Marketing\" \/>\n<meta property=\"article:modified_time\" content=\"2018-06-04T13:35:55+00:00\" \/>\n<meta property=\"og:image\" content=\"https:\/\/www.facebook.com\/tr?id=481848428853796&ev=PageView&noscript=1\" \/>\n<meta name=\"twitter:card\" content=\"summary_large_image\" \/>\n<meta name=\"twitter:label1\" content=\"Ansl. lesetid\" \/>\n\t<meta name=\"twitter:data1\" content=\"4 minutter\" \/>\n<script type=\"application\/ld+json\" class=\"yoast-schema-graph\">{\"@context\":\"https:\\\/\\\/schema.org\",\"@graph\":[{\"@type\":\"WebPage\",\"@id\":\"https:\\\/\\\/www.hunton.no\\\/marketing\\\/nativo-dk\\\/\",\"url\":\"https:\\\/\\\/www.hunton.no\\\/marketing\\\/nativo-dk\\\/\",\"name\":\"Nativo DK - Hunton Marketing\",\"isPartOf\":{\"@id\":\"https:\\\/\\\/www.hunton.no\\\/marketing\\\/#website\"},\"primaryImageOfPage\":{\"@id\":\"https:\\\/\\\/www.hunton.no\\\/marketing\\\/nativo-dk\\\/#primaryimage\"},\"image\":{\"@id\":\"https:\\\/\\\/www.hunton.no\\\/marketing\\\/nativo-dk\\\/#primaryimage\"},\"thumbnailUrl\":\"https:\\\/\\\/www.facebook.com\\\/tr?id=481848428853796&ev=PageView&noscript=1\",\"datePublished\":\"2018-04-30T11:20:47+00:00\",\"dateModified\":\"2018-06-04T13:35:55+00:00\",\"breadcrumb\":{\"@id\":\"https:\\\/\\\/www.hunton.no\\\/marketing\\\/nativo-dk\\\/#breadcrumb\"},\"inLanguage\":\"nb-NO\",\"potentialAction\":[{\"@type\":\"ReadAction\",\"target\":[\"https:\\\/\\\/www.hunton.no\\\/marketing\\\/nativo-dk\\\/\"]}]},{\"@type\":\"ImageObject\",\"inLanguage\":\"nb-NO\",\"@id\":\"https:\\\/\\\/www.hunton.no\\\/marketing\\\/nativo-dk\\\/#primaryimage\",\"url\":\"https:\\\/\\\/www.facebook.com\\\/tr?id=481848428853796&ev=PageView&noscript=1\",\"contentUrl\":\"https:\\\/\\\/www.facebook.com\\\/tr?id=481848428853796&ev=PageView&noscript=1\"},{\"@type\":\"BreadcrumbList\",\"@id\":\"https:\\\/\\\/www.hunton.no\\\/marketing\\\/nativo-dk\\\/#breadcrumb\",\"itemListElement\":[{\"@type\":\"ListItem\",\"position\":1,\"name\":\"Hjem\",\"item\":\"https:\\\/\\\/www.hunton.no\\\/marketing\\\/\"},{\"@type\":\"ListItem\",\"position\":2,\"name\":\"Nativo DK\"}]},{\"@type\":\"WebSite\",\"@id\":\"https:\\\/\\\/www.hunton.no\\\/marketing\\\/#website\",\"url\":\"https:\\\/\\\/www.hunton.no\\\/marketing\\\/\",\"name\":\"Hunton Marketing\",\"description\":\"\",\"potentialAction\":[{\"@type\":\"SearchAction\",\"target\":{\"@type\":\"EntryPoint\",\"urlTemplate\":\"https:\\\/\\\/www.hunton.no\\\/marketing\\\/?s={search_term_string}\"},\"query-input\":{\"@type\":\"PropertyValueSpecification\",\"valueRequired\":true,\"valueName\":\"search_term_string\"}}],\"inLanguage\":\"nb-NO\"}]}<\/script>\n<!-- \/ Yoast SEO plugin. -->","yoast_head_json":{"title":"Nativo DK - Hunton Marketing","robots":{"index":"index","follow":"follow","max-snippet":"max-snippet:-1","max-image-preview":"max-image-preview:large","max-video-preview":"max-video-preview:-1"},"canonical":"https:\/\/www.hunton.no\/marketing\/nativo-dk\/","og_locale":"nb_NO","og_type":"article","og_title":"Nativo DK - Hunton Marketing","og_url":"https:\/\/www.hunton.no\/marketing\/nativo-dk\/","og_site_name":"Hunton Marketing","article_modified_time":"2018-06-04T13:35:55+00:00","og_image":[{"url":"https:\/\/www.facebook.com\/tr?id=481848428853796&ev=PageView&noscript=1","type":"","width":"","height":""}],"twitter_card":"summary_large_image","twitter_misc":{"Ansl. lesetid":"4 minutter"},"schema":{"@context":"https:\/\/schema.org","@graph":[{"@type":"WebPage","@id":"https:\/\/www.hunton.no\/marketing\/nativo-dk\/","url":"https:\/\/www.hunton.no\/marketing\/nativo-dk\/","name":"Nativo DK - Hunton Marketing","isPartOf":{"@id":"https:\/\/www.hunton.no\/marketing\/#website"},"primaryImageOfPage":{"@id":"https:\/\/www.hunton.no\/marketing\/nativo-dk\/#primaryimage"},"image":{"@id":"https:\/\/www.hunton.no\/marketing\/nativo-dk\/#primaryimage"},"thumbnailUrl":"https:\/\/www.facebook.com\/tr?id=481848428853796&ev=PageView&noscript=1","datePublished":"2018-04-30T11:20:47+00:00","dateModified":"2018-06-04T13:35:55+00:00","breadcrumb":{"@id":"https:\/\/www.hunton.no\/marketing\/nativo-dk\/#breadcrumb"},"inLanguage":"nb-NO","potentialAction":[{"@type":"ReadAction","target":["https:\/\/www.hunton.no\/marketing\/nativo-dk\/"]}]},{"@type":"ImageObject","inLanguage":"nb-NO","@id":"https:\/\/www.hunton.no\/marketing\/nativo-dk\/#primaryimage","url":"https:\/\/www.facebook.com\/tr?id=481848428853796&ev=PageView&noscript=1","contentUrl":"https:\/\/www.facebook.com\/tr?id=481848428853796&ev=PageView&noscript=1"},{"@type":"BreadcrumbList","@id":"https:\/\/www.hunton.no\/marketing\/nativo-dk\/#breadcrumb","itemListElement":[{"@type":"ListItem","position":1,"name":"Hjem","item":"https:\/\/www.hunton.no\/marketing\/"},{"@type":"ListItem","position":2,"name":"Nativo DK"}]},{"@type":"WebSite","@id":"https:\/\/www.hunton.no\/marketing\/#website","url":"https:\/\/www.hunton.no\/marketing\/","name":"Hunton Marketing","description":"","potentialAction":[{"@type":"SearchAction","target":{"@type":"EntryPoint","urlTemplate":"https:\/\/www.hunton.no\/marketing\/?s={search_term_string}"},"query-input":{"@type":"PropertyValueSpecification","valueRequired":true,"valueName":"search_term_string"}}],"inLanguage":"nb-NO"}]}},"_links":{"self":[{"href":"https:\/\/www.hunton.no\/marketing\/wp-json\/wp\/v2\/pages\/256","targetHints":{"allow":["GET"]}}],"collection":[{"href":"https:\/\/www.hunton.no\/marketing\/wp-json\/wp\/v2\/pages"}],"about":[{"href":"https:\/\/www.hunton.no\/marketing\/wp-json\/wp\/v2\/types\/page"}],"author":[{"embeddable":true,"href":"https:\/\/www.hunton.no\/marketing\/wp-json\/wp\/v2\/users\/27"}],"replies":[{"embeddable":true,"href":"https:\/\/www.hunton.no\/marketing\/wp-json\/wp\/v2\/comments?post=256"}],"version-history":[{"count":0,"href":"https:\/\/www.hunton.no\/marketing\/wp-json\/wp\/v2\/pages\/256\/revisions"}],"wp:attachment":[{"href":"https:\/\/www.hunton.no\/marketing\/wp-json\/wp\/v2\/media?parent=256"}],"curies":[{"name":"wp","href":"https:\/\/api.w.org\/{rel}","templated":true}]}}